{"id":26004,"date":"2021-06-12T00:48:46","date_gmt":"2021-06-12T00:58:51","guid":{"rendered":"https:\/\/academy.capturetheatlas.com\/?post_type=product&#038;p=26004"},"modified":"2024-03-24T16:31:49","modified_gmt":"2024-03-24T16:31:49","slug":"curso-pro-tracking-fotografia-de-via-lactea","status":"publish","type":"product","link":"https:\/\/preacademy.capturetheatlas.com\/es\/producto\/curso-pro-tracking-fotografia-de-via-lactea\/","title":{"rendered":"M\u00f3dulo Pro Tracking Fotograf\u00eda de V\u00eda L\u00e1ctea"},"content":{"rendered":"","protected":false},"excerpt":{"rendered":"","protected":false},"featured_media":27806,"comment_status":"open","ping_status":"closed","template":"","meta":{"_acf_changed":false,"site-sidebar-layout":"default","site-content-layout":"default","ast-global-header-display":"","ast-main-header-display":"","ast-hfb-above-header-display":"","ast-hfb-below-header-display":"","ast-hfb-mobile-header-display":"","site-post-title":"","ast-breadcrumbs-content":"","ast-featured-img":"","footer-sml-layout":"","theme-transparent-header-meta":"default","adv-header-id-meta":"","stick-header-meta":"","header-above-stick-meta":"","header-main-stick-meta":"","header-below-stick-meta":""},"product_brand":[],"product_cat":[22],"product_tag":[],"class_list":{"0":"post-26004","1":"product","2":"type-product","3":"status-publish","4":"has-post-thumbnail","6":"product_cat-sin-categorizar","7":"desktop-align-left","8":"tablet-align-left","9":"mobile-align-left","11":"first","12":"instock","13":"virtual","14":"sold-individually","15":"purchasable","16":"product-type-simple"},"acf":[],"yoast_head":"<!-- This site is optimized with the Yoast SEO plugin v27.0 - https:\/\/yoast.com\/product\/yoast-seo-wordpress\/ -->\n<title>M\u00f3dulo Pro Tracking Fotograf\u00eda de V\u00eda L\u00e1ctea - Academy<\/title>\n<meta name=\"robots\" content=\"index, follow, max-snippet:-1, max-image-preview:large, max-video-preview:-1\" \/>\n<link rel=\"canonical\" href=\"https:\/\/preacademy.capturetheatlas.com\/es\/producto\/curso-pro-tracking-fotografia-de-via-lactea\/\" \/>\n<meta property=\"og:locale\" content=\"es_ES\" \/>\n<meta property=\"og:type\" content=\"article\" \/>\n<meta property=\"og:title\" content=\"M\u00f3dulo Pro Tracking Fotograf\u00eda de V\u00eda L\u00e1ctea - Academy\" \/>\n<meta property=\"og:url\" content=\"https:\/\/preacademy.capturetheatlas.com\/es\/producto\/curso-pro-tracking-fotografia-de-via-lactea\/\" \/>\n<meta property=\"og:site_name\" content=\"Academy\" \/>\n<meta property=\"article:modified_time\" content=\"2024-03-24T16:31:49+00:00\" \/>\n<meta property=\"og:image\" content=\"https:\/\/preacademy.capturetheatlas.com\/wp-content\/uploads\/2021\/06\/Webp.net-resizeimage-12.png\" \/>\n\t<meta property=\"og:image:width\" content=\"575\" \/>\n\t<meta property=\"og:image:height\" content=\"649\" \/>\n\t<meta property=\"og:image:type\" content=\"image\/png\" \/>\n<meta name=\"twitter:card\" content=\"summary_large_image\" \/>\n<meta name=\"twitter:label1\" content=\"Tiempo de lectura\" \/>\n\t<meta name=\"twitter:data1\" content=\"1 minuto\" \/>\n<script type=\"application\/ld+json\" class=\"yoast-schema-graph\">{\"@context\":\"https:\/\/schema.org\",\"@graph\":[{\"@type\":\"WebPage\",\"@id\":\"https:\/\/preacademy.capturetheatlas.com\/es\/producto\/curso-pro-tracking-fotografia-de-via-lactea\/\",\"url\":\"https:\/\/preacademy.capturetheatlas.com\/es\/producto\/curso-pro-tracking-fotografia-de-via-lactea\/\",\"name\":\"M\u00f3dulo Pro Tracking Fotograf\u00eda de V\u00eda L\u00e1ctea - Academy\",\"isPartOf\":{\"@id\":\"https:\/\/preacademy.capturetheatlas.com\/es\/#website\"},\"primaryImageOfPage\":{\"@id\":\"https:\/\/preacademy.capturetheatlas.com\/es\/producto\/curso-pro-tracking-fotografia-de-via-lactea\/#primaryimage\"},\"image\":{\"@id\":\"https:\/\/preacademy.capturetheatlas.com\/es\/producto\/curso-pro-tracking-fotografia-de-via-lactea\/#primaryimage\"},\"thumbnailUrl\":\"https:\/\/preacademy.capturetheatlas.com\/wp-content\/uploads\/2021\/06\/Webp.net-resizeimage-12.png\",\"datePublished\":\"2021-06-12T00:58:51+00:00\",\"dateModified\":\"2024-03-24T16:31:49+00:00\",\"breadcrumb\":{\"@id\":\"https:\/\/preacademy.capturetheatlas.com\/es\/producto\/curso-pro-tracking-fotografia-de-via-lactea\/#breadcrumb\"},\"inLanguage\":\"es\",\"potentialAction\":[{\"@type\":\"ReadAction\",\"target\":[\"https:\/\/preacademy.capturetheatlas.com\/es\/producto\/curso-pro-tracking-fotografia-de-via-lactea\/\"]}]},{\"@type\":\"ImageObject\",\"inLanguage\":\"es\",\"@id\":\"https:\/\/preacademy.capturetheatlas.com\/es\/producto\/curso-pro-tracking-fotografia-de-via-lactea\/#primaryimage\",\"url\":\"https:\/\/preacademy.capturetheatlas.com\/wp-content\/uploads\/2021\/06\/Webp.net-resizeimage-12.png\",\"contentUrl\":\"https:\/\/preacademy.capturetheatlas.com\/wp-content\/uploads\/2021\/06\/Webp.net-resizeimage-12.png\",\"width\":575,\"height\":649},{\"@type\":\"BreadcrumbList\",\"@id\":\"https:\/\/preacademy.capturetheatlas.com\/es\/producto\/curso-pro-tracking-fotografia-de-via-lactea\/#breadcrumb\",\"itemListElement\":[{\"@type\":\"ListItem\",\"position\":1,\"name\":\"Home\",\"item\":\"https:\/\/preacademy.capturetheatlas.com\/es\/\"},{\"@type\":\"ListItem\",\"position\":2,\"name\":\"Tienda\",\"item\":\"https:\/\/preacademy.capturetheatlas.com\/es\/tienda\/\"},{\"@type\":\"ListItem\",\"position\":3,\"name\":\"M\u00f3dulo Pro Tracking Fotograf\u00eda de V\u00eda L\u00e1ctea\"}]},{\"@type\":\"WebSite\",\"@id\":\"https:\/\/preacademy.capturetheatlas.com\/es\/#website\",\"url\":\"https:\/\/preacademy.capturetheatlas.com\/es\/\",\"name\":\"Capture the Atlas\",\"description\":\"academy capture the atlas\",\"publisher\":{\"@id\":\"https:\/\/preacademy.capturetheatlas.com\/es\/#organization\"},\"potentialAction\":[{\"@type\":\"SearchAction\",\"target\":{\"@type\":\"EntryPoint\",\"urlTemplate\":\"https:\/\/preacademy.capturetheatlas.com\/es\/?s={search_term_string}\"},\"query-input\":{\"@type\":\"PropertyValueSpecification\",\"valueRequired\":true,\"valueName\":\"search_term_string\"}}],\"inLanguage\":\"es\"},{\"@type\":\"Organization\",\"@id\":\"https:\/\/preacademy.capturetheatlas.com\/es\/#organization\",\"name\":\"Capture the Atlas\",\"url\":\"https:\/\/preacademy.capturetheatlas.com\/es\/\",\"logo\":{\"@type\":\"ImageObject\",\"inLanguage\":\"es\",\"@id\":\"https:\/\/preacademy.capturetheatlas.com\/es\/#\/schema\/logo\/image\/\",\"url\":\"https:\/\/preacademy.capturetheatlas.com\/wp-content\/uploads\/2024\/03\/cropped-cropped-White-background-CTA-logo-2024.png\",\"contentUrl\":\"https:\/\/preacademy.capturetheatlas.com\/wp-content\/uploads\/2024\/03\/cropped-cropped-White-background-CTA-logo-2024.png\",\"width\":512,\"height\":512,\"caption\":\"Capture the Atlas\"},\"image\":{\"@id\":\"https:\/\/preacademy.capturetheatlas.com\/es\/#\/schema\/logo\/image\/\"}}]}<\/script>\n<!-- \/ Yoast SEO plugin. -->","yoast_head_json":{"title":"M\u00f3dulo Pro Tracking Fotograf\u00eda de V\u00eda L\u00e1ctea - Academy","robots":{"index":"index","follow":"follow","max-snippet":"max-snippet:-1","max-image-preview":"max-image-preview:large","max-video-preview":"max-video-preview:-1"},"canonical":"https:\/\/preacademy.capturetheatlas.com\/es\/producto\/curso-pro-tracking-fotografia-de-via-lactea\/","og_locale":"es_ES","og_type":"article","og_title":"M\u00f3dulo Pro Tracking Fotograf\u00eda de V\u00eda L\u00e1ctea - Academy","og_url":"https:\/\/preacademy.capturetheatlas.com\/es\/producto\/curso-pro-tracking-fotografia-de-via-lactea\/","og_site_name":"Academy","article_modified_time":"2024-03-24T16:31:49+00:00","og_image":[{"width":575,"height":649,"url":"https:\/\/preacademy.capturetheatlas.com\/wp-content\/uploads\/2021\/06\/Webp.net-resizeimage-12.png","type":"image\/png"}],"twitter_card":"summary_large_image","twitter_misc":{"Tiempo de lectura":"1 minuto"},"schema":{"@context":"https:\/\/schema.org","@graph":[{"@type":"WebPage","@id":"https:\/\/preacademy.capturetheatlas.com\/es\/producto\/curso-pro-tracking-fotografia-de-via-lactea\/","url":"https:\/\/preacademy.capturetheatlas.com\/es\/producto\/curso-pro-tracking-fotografia-de-via-lactea\/","name":"M\u00f3dulo Pro Tracking Fotograf\u00eda de V\u00eda L\u00e1ctea - Academy","isPartOf":{"@id":"https:\/\/preacademy.capturetheatlas.com\/es\/#website"},"primaryImageOfPage":{"@id":"https:\/\/preacademy.capturetheatlas.com\/es\/producto\/curso-pro-tracking-fotografia-de-via-lactea\/#primaryimage"},"image":{"@id":"https:\/\/preacademy.capturetheatlas.com\/es\/producto\/curso-pro-tracking-fotografia-de-via-lactea\/#primaryimage"},"thumbnailUrl":"https:\/\/preacademy.capturetheatlas.com\/wp-content\/uploads\/2021\/06\/Webp.net-resizeimage-12.png","datePublished":"2021-06-12T00:58:51+00:00","dateModified":"2024-03-24T16:31:49+00:00","breadcrumb":{"@id":"https:\/\/preacademy.capturetheatlas.com\/es\/producto\/curso-pro-tracking-fotografia-de-via-lactea\/#breadcrumb"},"inLanguage":"es","potentialAction":[{"@type":"ReadAction","target":["https:\/\/preacademy.capturetheatlas.com\/es\/producto\/curso-pro-tracking-fotografia-de-via-lactea\/"]}]},{"@type":"ImageObject","inLanguage":"es","@id":"https:\/\/preacademy.capturetheatlas.com\/es\/producto\/curso-pro-tracking-fotografia-de-via-lactea\/#primaryimage","url":"https:\/\/preacademy.capturetheatlas.com\/wp-content\/uploads\/2021\/06\/Webp.net-resizeimage-12.png","contentUrl":"https:\/\/preacademy.capturetheatlas.com\/wp-content\/uploads\/2021\/06\/Webp.net-resizeimage-12.png","width":575,"height":649},{"@type":"BreadcrumbList","@id":"https:\/\/preacademy.capturetheatlas.com\/es\/producto\/curso-pro-tracking-fotografia-de-via-lactea\/#breadcrumb","itemListElement":[{"@type":"ListItem","position":1,"name":"Home","item":"https:\/\/preacademy.capturetheatlas.com\/es\/"},{"@type":"ListItem","position":2,"name":"Tienda","item":"https:\/\/preacademy.capturetheatlas.com\/es\/tienda\/"},{"@type":"ListItem","position":3,"name":"M\u00f3dulo Pro Tracking Fotograf\u00eda de V\u00eda L\u00e1ctea"}]},{"@type":"WebSite","@id":"https:\/\/preacademy.capturetheatlas.com\/es\/#website","url":"https:\/\/preacademy.capturetheatlas.com\/es\/","name":"Capture the Atlas","description":"academy capture the atlas","publisher":{"@id":"https:\/\/preacademy.capturetheatlas.com\/es\/#organization"},"potentialAction":[{"@type":"SearchAction","target":{"@type":"EntryPoint","urlTemplate":"https:\/\/preacademy.capturetheatlas.com\/es\/?s={search_term_string}"},"query-input":{"@type":"PropertyValueSpecification","valueRequired":true,"valueName":"search_term_string"}}],"inLanguage":"es"},{"@type":"Organization","@id":"https:\/\/preacademy.capturetheatlas.com\/es\/#organization","name":"Capture the Atlas","url":"https:\/\/preacademy.capturetheatlas.com\/es\/","logo":{"@type":"ImageObject","inLanguage":"es","@id":"https:\/\/preacademy.capturetheatlas.com\/es\/#\/schema\/logo\/image\/","url":"https:\/\/preacademy.capturetheatlas.com\/wp-content\/uploads\/2024\/03\/cropped-cropped-White-background-CTA-logo-2024.png","contentUrl":"https:\/\/preacademy.capturetheatlas.com\/wp-content\/uploads\/2024\/03\/cropped-cropped-White-background-CTA-logo-2024.png","width":512,"height":512,"caption":"Capture the Atlas"},"image":{"@id":"https:\/\/preacademy.capturetheatlas.com\/es\/#\/schema\/logo\/image\/"}}]}},"_links":{"self":[{"href":"https:\/\/preacademy.capturetheatlas.com\/es\/wp-json\/wp\/v2\/product\/26004","targetHints":{"allow":["GET"]}}],"collection":[{"href":"https:\/\/preacademy.capturetheatlas.com\/es\/wp-json\/wp\/v2\/product"}],"about":[{"href":"https:\/\/preacademy.capturetheatlas.com\/es\/wp-json\/wp\/v2\/types\/product"}],"replies":[{"embeddable":true,"href":"https:\/\/preacademy.capturetheatlas.com\/es\/wp-json\/wp\/v2\/comments?post=26004"}],"version-history":[{"count":3,"href":"https:\/\/preacademy.capturetheatlas.com\/es\/wp-json\/wp\/v2\/product\/26004\/revisions"}],"predecessor-version":[{"id":27985,"href":"https:\/\/preacademy.capturetheatlas.com\/es\/wp-json\/wp\/v2\/product\/26004\/revisions\/27985"}],"wp:featuredmedia":[{"embeddable":true,"href":"https:\/\/preacademy.capturetheatlas.com\/es\/wp-json\/wp\/v2\/media\/27806"}],"wp:attachment":[{"href":"https:\/\/preacademy.capturetheatlas.com\/es\/wp-json\/wp\/v2\/media?parent=26004"}],"wp:term":[{"taxonomy":"product_brand","embeddable":true,"href":"https:\/\/preacademy.capturetheatlas.com\/es\/wp-json\/wp\/v2\/product_brand?post=26004"},{"taxonomy":"product_cat","embeddable":true,"href":"https:\/\/preacademy.capturetheatlas.com\/es\/wp-json\/wp\/v2\/product_cat?post=26004"},{"taxonomy":"product_tag","embeddable":true,"href":"https:\/\/preacademy.capturetheatlas.com\/es\/wp-json\/wp\/v2\/product_tag?post=26004"}],"curies":[{"name":"wp","href":"https:\/\/api.w.org\/{rel}","templated":true}]}}